{"id":3481,"date":"2025-12-11T08:30:04","date_gmt":"2025-12-11T08:30:04","guid":{"rendered":"https:\/\/queentagod.com\/las-bok-tillgang\/"},"modified":"2026-01-29T11:55:53","modified_gmt":"2026-01-29T11:55:53","slug":"las-bok-tillgang","status":"publish","type":"page","link":"https:\/\/queentagod.com\/sv\/las-bok-tillgang\/","title":{"rendered":"L\u00c4S BOK TILLG\u00c5NG"},"content":{"rendered":"\t\t<div data-elementor-type=\"wp-page\" data-elementor-id=\"3481\" class=\"elementor elementor-3481 elementor-3041\" data-elementor-post-type=\"page\">\n\t\t\t\t<div class=\"elementor-element elementor-element-fc1f861 e-flex e-con-boxed e-con e-parent\" data-id=\"fc1f861\" data-element_type=\"container\" data-e-type=\"container\">\n\t\t\t\t\t<div class=\"e-con-inner\">\n\t\t\t\t\t<\/div>\n\t\t\t\t<\/div>\n\t\t<div class=\"elementor-element elementor-element-c35df81 e-flex e-con-boxed e-con e-parent\" data-id=\"c35df81\" data-element_type=\"container\" data-e-type=\"container\">\n\t\t\t\t\t<div class=\"e-con-inner\">\n\t\t<div class=\"elementor-element elementor-element-a7c3b64 e-con-full e-flex e-con e-child\" data-id=\"a7c3b64\" data-element_type=\"container\" data-e-type=\"container\">\n\t\t\t\t<div class=\"elementor-element elementor-element-17951d5 elementor-widget elementor-widget-image\" data-id=\"17951d5\" data-element_type=\"widget\" data-e-type=\"widget\" data-widget_type=\"image.default\">\n\t\t\t\t\t\t\t\t\t\t\t\t\t\t\t<img decoding=\"async\" width=\"195\" height=\"252\" src=\"https:\/\/queentagod.com\/wp-content\/uploads\/2025\/10\/QueentaGod-Image.jpg\" class=\"attachment-large size-large wp-image-1906\" alt=\"\" \/>\t\t\t\t\t\t\t\t\t\t\t\t\t\t\t<\/div>\n\t\t\t\t<div class=\"elementor-element elementor-element-37bba85 elementor-widget elementor-widget-image\" data-id=\"37bba85\" data-element_type=\"widget\" data-e-type=\"widget\" data-widget_type=\"image.default\">\n\t\t\t\t\t\t\t\t\t\t\t\t\t\t\t<img fetchpriority=\"high\" decoding=\"async\" width=\"800\" height=\"197\" src=\"https:\/\/queentagod.com\/wp-content\/uploads\/2025\/12\/Queenta-God-Universe-Logo-1024x252.png\" class=\"attachment-large size-large wp-image-3485\" alt=\"\" srcset=\"https:\/\/queentagod.com\/wp-content\/uploads\/2025\/12\/Queenta-God-Universe-Logo-1024x252.png 1024w, https:\/\/queentagod.com\/wp-content\/uploads\/2025\/12\/Queenta-God-Universe-Logo-300x74.png 300w, https:\/\/queentagod.com\/wp-content\/uploads\/2025\/12\/Queenta-God-Universe-Logo-768x189.png 768w, https:\/\/queentagod.com\/wp-content\/uploads\/2025\/12\/Queenta-God-Universe-Logo-600x147.png 600w, https:\/\/queentagod.com\/wp-content\/uploads\/2025\/12\/Queenta-God-Universe-Logo.png 1400w\" sizes=\"(max-width: 800px) 100vw, 800px\" \/>\t\t\t\t\t\t\t\t\t\t\t\t\t\t\t<\/div>\n\t\t\t\t<div class=\"elementor-element elementor-element-76f937d elementor-widget elementor-widget-text-editor\" data-id=\"76f937d\" data-element_type=\"widget\" data-e-type=\"widget\" data-widget_type=\"text-editor.default\">\n\t\t\t\t\t\t\t\t\t<p style=\"text-align: center;\">Det kostar 9 dollar att l\u00e4sa den h\u00e4r boken.<\/p><p style=\"text-align: center;\">1 m\u00e5nads tillg\u00e5ng.<\/p>\t\t\t\t\t\t\t\t<\/div>\n\t\t\t\t<\/div>\n\t\t<div class=\"elementor-element elementor-element-d5e8fa6 e-con-full e-flex e-con e-child\" data-id=\"d5e8fa6\" data-element_type=\"container\" data-e-type=\"container\">\n\t\t\t\t<div class=\"elementor-element elementor-element-f38582b elementor-widget elementor-widget-text-editor\" data-id=\"f38582b\" data-element_type=\"widget\" data-e-type=\"widget\" data-widget_type=\"text-editor.default\">\n\t\t\t\t\t\t\t\t\t<p style=\"text-align: center;\"><span style=\"caret-color: #800080;\">Betala med  <\/span><\/p>\t\t\t\t\t\t\t\t<\/div>\n\t\t\t\t<div class=\"elementor-element elementor-element-a60b853 elementor-align-center elementor-widget elementor-widget-button\" data-id=\"a60b853\" data-element_type=\"widget\" data-e-type=\"widget\" data-widget_type=\"button.default\">\n\t\t\t\t\t\t\t\t\t\t<a class=\"elementor-button elementor-button-link elementor-size-sm\" href=\"#register\">\n\t\t\t\t\t\t<span class=\"elementor-button-content-wrapper\">\n\t\t\t\t\t\t\t\t\t<span class=\"elementor-button-text\">Kredit-\/betalkort<\/span>\n\t\t\t\t\t<\/span>\n\t\t\t\t\t<\/a>\n\t\t\t\t\t\t\t\t<\/div>\n\t\t\t\t<\/div>\n\t\t<div class=\"elementor-element elementor-element-d3461e7 e-con-full e-flex e-con e-child\" data-id=\"d3461e7\" data-element_type=\"container\" data-e-type=\"container\" data-settings=\"{&quot;background_background&quot;:&quot;classic&quot;}\">\n\t\t\t\t<div class=\"elementor-element elementor-element-009b9da elementor-widget elementor-widget-text-editor\" data-id=\"009b9da\" data-element_type=\"widget\" data-e-type=\"widget\" data-widget_type=\"text-editor.default\">\n\t\t\t\t\t\t\t\t\t<p style=\"text-align: center;\"><span style=\"caret-color: #800080;\">Redan kund?<\/span><\/p><p class=\"tw-data-text tw-text-large tw-ta\" dir=\"ltr\" tabindex=\"-1\" role=\"text\" data-placeholder=\"Translation\" aria-label=\"Translated text: Redan kund? Logga in\" data-ved=\"2ahUKEwjg6KiIhq6SAxV7XEEAHVZzNLMQ3ewLegQIDxAX\"><span class=\"Y2IQFc\" lang=\"sv\"> Logga in<\/span><\/p><p>\u00a0<\/p>\t\t\t\t\t\t\t\t<\/div>\n\t\t\t\t<div class=\"elementor-element elementor-element-517f905 qtg-login-card elementor-widget elementor-widget-shortcode\" data-id=\"517f905\" data-element_type=\"widget\" data-e-type=\"widget\" data-widget_type=\"shortcode.default\">\n\t\t\t\t\t\t\t<div class=\"elementor-shortcode\">\r\n<div class=\"xoo-el-form-container xoo-el-form-inline\" data-active=\"login\">\r\n\r\n\t\r\n\t\r\n\t\r\n\t\r\n\t\r\n\t\t\r\n\t\t\t\r\n\t\t<div data-section=\"login\" class=\"xoo-el-section\">\r\n\r\n\t\t\t<div class=\"xoo-el-fields\">\r\n\r\n\t\t\t\t<div class=\"xoo-el-notice\"><\/div>\r\n\t\t\t\t<form class=\"xoo-el-action-form xoo-el-form-login\">\r\n\r\n\t\t\t\t\t\r\n\t\t\t\t\t<div class=\"xoo-el-fields-cont\"><div class=\"xoo-aff-group xoo-aff-cont-text one xoo-aff-cont-required xoo-el-username_cont\"><div class=\"xoo-aff-input-group\"><span class=\"xoo-aff-input-icon fas fa-user-plus\"><\/span><input type=\"text\" class=\"xoo-aff-required xoo-aff-text xoo-aff-field\" name=\"xoo-el-username\" placeholder=\"Anv\u00e4ndarnamn \/ E-post\"  value=\"\" required=\"\t\" autocomplete=\"username\"\/><\/div><\/div><div class=\"xoo-aff-group xoo-aff-cont-password one xoo-aff-cont-required xoo-el-password_cont\"><div class=\"xoo-aff-input-group\"><span class=\"xoo-aff-input-icon fas fa-key\"><\/span><input type=\"password\" class=\"xoo-aff-required xoo-aff-password xoo-aff-field\" name=\"xoo-el-password\" placeholder=\"L\u00f6senord\"  value=\"\" required=\"\t\" autocomplete=\"current-password\"\/><div class=\"xoo-aff-pw-toggle\">\r\n\t\t\t\t\t<span class=\"xoo-aff-pwtog-show\"><i class=\"far fa-eye\"><\/i><\/span>\r\n\t\t\t\t\t<span class=\"xoo-aff-pwtog-hide\"><i class=\"far fa-eye-slash\"><\/i><\/span>\r\n\t\t\t\t\t<\/div><\/div><\/div><\/div>\r\n<div class=\"xoo-aff-group xoo-el-login-btm-fields\">\r\n\t<label class=\"xoo-el-form-label\">\r\n\t\t<input type=\"checkbox\" name=\"xoo-el-rememberme\" value=\"forever\" \/>\r\n\t\t<span>Kom ih\u00e5g mig<\/span>\r\n\t<\/label>\r\n\t<a class=\"xoo-el-lostpw-tgr\" rel=\"nofollow\" href=\"#\">Gl\u00f6mt l\u00f6senord?<\/a>\r\n<\/div>\r\n\r\n\r\n<input type=\"hidden\" name=\"_xoo_el_form\" value=\"login\">\r\n\r\n<button type=\"submit\" class=\"button btn xoo-el-action-btn xoo-el-login-btn\" >Login<\/button>\r\n\r\n<input type=\"hidden\" name=\"xoo_el_redirect\" value=\"\/sv\/bok\/\">\r\n\t\t\t\t\t\r\n\t\t\t\t<\/form>\r\n\r\n\t\t\t\t\r\n\t\r\n\t\r\n\r\n\t\r\n\t\r\n\t\t\t<\/div>\r\n\r\n\t\t<\/div>\r\n\r\n\t\r\n\t\t\t\r\n\t\t<div data-section=\"register\" class=\"xoo-el-section\">\r\n\r\n\t\t\t<div class=\"xoo-el-fields\">\r\n\r\n\t\t\t\t<div class=\"xoo-el-notice\"><\/div>\r\n\t\t\t\t<form class=\"xoo-el-action-form xoo-el-form-register\">\r\n\r\n\t\t\t\t\t\r\n\t\t\t\t\t<div class=\"xoo-el-fields-cont\"><div class=\"xoo-aff-group xoo-aff-cont-email one xoo-aff-cont-required xoo_el_reg_email_cont\"><div class=\"xoo-aff-input-group\"><span class=\"xoo-aff-input-icon fas fa-at\"><\/span><input type=\"email\" class=\"xoo-aff-required xoo-aff-email xoo-aff-field\" name=\"xoo_el_reg_email\" placeholder=\"E-post\"  value=\"\" required=\"\t\" autocomplete=\"email\"\/><\/div><\/div><div class=\"xoo-aff-group xoo-aff-cont-text onehalf xoo-aff-cont-required xoo_el_reg_fname_cont\"><div class=\"xoo-aff-input-group\"><span class=\"xoo-aff-input-icon far fa-user\"><\/span><input type=\"text\" class=\"xoo-aff-required xoo-aff-text xoo-aff-field\" name=\"xoo_el_reg_fname\" placeholder=\"F\u00f6rnamn\"  value=\"\" required=\"\t\"\/><\/div><\/div><div class=\"xoo-aff-group xoo-aff-cont-text onehalf xoo-aff-cont-required xoo_el_reg_lname_cont\"><div class=\"xoo-aff-input-group\"><span class=\"xoo-aff-input-icon far fa-user\"><\/span><input type=\"text\" class=\"xoo-aff-required xoo-aff-text xoo-aff-field\" name=\"xoo_el_reg_lname\" placeholder=\"Efternamn\"  value=\"\" required=\"\t\"\/><\/div><\/div><div class=\"xoo-aff-group xoo-aff-cont-password one xoo-aff-cont-required xoo_el_reg_pass_cont\"><div class=\"xoo-aff-input-group\"><span class=\"xoo-aff-input-icon fas fa-key\"><\/span><input type=\"password\" class=\"xoo-aff-required xoo-aff-password xoo-aff-field\" name=\"xoo_el_reg_pass\" placeholder=\"L\u00f6senord\"  value=\"\" maxlength=\"20\" minlength=\"6\" required=\"\t\" autocomplete=\"new-password\"\/><div class=\"xoo-aff-pw-toggle\">\r\n\t\t\t\t\t<span class=\"xoo-aff-pwtog-show\"><i class=\"far fa-eye\"><\/i><\/span>\r\n\t\t\t\t\t<span class=\"xoo-aff-pwtog-hide\"><i class=\"far fa-eye-slash\"><\/i><\/span>\r\n\t\t\t\t\t<\/div><\/div><\/div><div class=\"xoo-aff-group xoo-aff-cont-password one xoo-aff-cont-required xoo_el_reg_pass_again_cont\"><div class=\"xoo-aff-input-group\"><span class=\"xoo-aff-input-icon fas fa-key\"><\/span><input type=\"password\" class=\"xoo-aff-required xoo-aff-password xoo-aff-field\" name=\"xoo_el_reg_pass_again\" placeholder=\"Bekr\u00e4fta l\u00f6senord\"  value=\"\" required=\"\t\" autocomplete=\"new-password\"\/><div class=\"xoo-aff-pw-toggle\">\r\n\t\t\t\t\t<span class=\"xoo-aff-pwtog-show\"><i class=\"far fa-eye\"><\/i><\/span>\r\n\t\t\t\t\t<span class=\"xoo-aff-pwtog-hide\"><i class=\"far fa-eye-slash\"><\/i><\/span>\r\n\t\t\t\t\t<\/div><\/div><\/div><\/div>\r\n<input type=\"hidden\" name=\"_xoo_el_form\" value=\"register\">\r\n\r\n\r\n<button type=\"submit\" class=\"button btn xoo-el-action-btn xoo-el-register-btn\">Enter<\/button>\r\n\r\n<input type=\"hidden\" name=\"xoo_el_redirect\" value=\"\/fast-checkout\/\">\r\n\t\t\t\t\t\r\n\t\t\t\t<\/form>\r\n\r\n\t\t\t\t\r\n\t\r\n\t\r\n\r\n\t\r\n\t\r\n\t\t\t<\/div>\r\n\r\n\t\t<\/div>\r\n\r\n\t\r\n\t\t\t\r\n\t\t<div data-section=\"lostpw\" class=\"xoo-el-section\">\r\n\r\n\t\t\t<div class=\"xoo-el-fields\">\r\n\r\n\t\t\t\t<div class=\"xoo-el-notice\"><\/div>\r\n\t\t\t\t<form class=\"xoo-el-action-form xoo-el-form-lostpw\">\r\n\r\n\t\t\t\t\t\r\n\t\t\t\t\t\r\n\r\n<span class=\"xoo-el-form-txt\">Gl\u00f6mt ditt l\u00f6senord? Ange ditt anv\u00e4ndarnamn eller din e-postadress. Du kommer att f\u00e5 en l\u00e4nk f\u00f6r att skapa ett nytt l\u00f6senord via e-post.<\/span>\r\n\r\n<div class=\"xoo-el-fields-cont\"><div class=\"xoo-aff-group xoo-aff-cont-text one xoo-aff-cont-required user_login_cont\"><div class=\"xoo-aff-input-group\"><span class=\"xoo-aff-input-icon fas fa-user-plus\"><\/span><input type=\"text\" class=\"xoo-aff-required xoo-aff-text xoo-aff-field\" name=\"user_login\" placeholder=\"Anv\u00e4ndarnamn \/ E-post\"  value=\"\" required=\"\t\"\/><\/div><\/div><\/div>\r\n\r\n<input type=\"hidden\" name=\"_xoo_el_form\" value=\"lostPassword\">\r\n\r\n<input type=\"hidden\" name=\"_wp_http_referer\" value=\"\/sv\/wp-json\/wp\/v2\/pages\/3481\" \/>\r\n<button type=\"submit\" class=\"button btn xoo-el-action-btn xoo-el-lostpw-btn\">Email Reset Link<\/button>\r\n\t\t\t\t\t\r\n\t\t\t\t<\/form>\r\n\r\n\t\t\t\t\r\n\t\r\n\t\r\n\r\n\t\r\n\t\r\n\t\t\t<\/div>\r\n\r\n\t\t<\/div>\r\n\r\n\t\r\n\t\r\n<\/div>\n\n<\/div>\n\t\t\t\t\t\t<\/div>\n\t\t\t\t<\/div>\n\t\t\t\t\t<\/div>\n\t\t\t\t<\/div>\n\t\t<div class=\"elementor-element elementor-element-184013b e-flex e-con-boxed e-con e-parent\" data-id=\"184013b\" data-element_type=\"container\" data-e-type=\"container\">\n\t\t\t\t\t<div class=\"e-con-inner\">\n\t\t\t\t\t<\/div>\n\t\t\t\t<\/div>\n\t\t\t\t<\/div>\n\t\t","protected":false},"excerpt":{"rendered":"<p>Det kostar 9 dollar att l\u00e4sa den h\u00e4r boken. 1 m\u00e5nads tillg\u00e5ng. Betala med Kredit-\/betalkort Redan kund? Logga in \u00a0<\/p>\n","protected":false},"author":198,"featured_media":0,"parent":0,"menu_order":0,"comment_status":"closed","ping_status":"closed","template":"","meta":{"footnotes":""},"class_list":["post-3481","page","type-page","status-publish","hentry"],"_links":{"self":[{"href":"https:\/\/queentagod.com\/sv\/wp-json\/wp\/v2\/pages\/3481","targetHints":{"allow":["GET"]}}],"collection":[{"href":"https:\/\/queentagod.com\/sv\/wp-json\/wp\/v2\/pages"}],"about":[{"href":"https:\/\/queentagod.com\/sv\/wp-json\/wp\/v2\/types\/page"}],"author":[{"embeddable":true,"href":"https:\/\/queentagod.com\/sv\/wp-json\/wp\/v2\/users\/198"}],"replies":[{"embeddable":true,"href":"https:\/\/queentagod.com\/sv\/wp-json\/wp\/v2\/comments?post=3481"}],"version-history":[{"count":20,"href":"https:\/\/queentagod.com\/sv\/wp-json\/wp\/v2\/pages\/3481\/revisions"}],"predecessor-version":[{"id":4185,"href":"https:\/\/queentagod.com\/sv\/wp-json\/wp\/v2\/pages\/3481\/revisions\/4185"}],"wp:attachment":[{"href":"https:\/\/queentagod.com\/sv\/wp-json\/wp\/v2\/media?parent=3481"}],"curies":[{"name":"wp","href":"https:\/\/api.w.org\/{rel}","templated":true}]}}